{"id":733,"date":"2017-05-02T11:23:11","date_gmt":"2017-05-02T11:23:11","guid":{"rendered":"http:\/\/firmapersson.com\/en-venta-2\/"},"modified":"2017-05-31T09:18:59","modified_gmt":"2017-05-31T09:18:59","slug":"till-salu-fastighetsmaklare-i-torrevieja-spanien","status":"publish","type":"page","link":"https:\/\/firmapersson.com\/sv\/till-salu-fastighetsmaklare-i-torrevieja-spanien\/","title":{"rendered":"Till Salu"},"content":{"rendered":"<div class=\"wpb-content-wrapper\"><p>[vc_row][vc_column][vc_column_text]<\/p>\n<p>I am text block. Click edit button to change this text. Lorem ipsum dolor sit amet, consectetur adipiscing elit. Ut elit tellus, luctus nec ullamcorper mattis, pulvinar dapibus leo. hola<\/p>\n<p>[\/vc_column_text][\/vc_column][\/vc_row]<\/p>\n<\/div>","protected":false},"excerpt":{"rendered":"<p>[vc_row][vc_column][vc_column_text] I am text block. Click edit button to change this text. Lorem ipsum dolor sit amet, consectetur adipiscing elit. Ut elit tellus, luctus nec ullamcorper mattis, pulvinar dapibus leo. hola [\/vc_column_text][\/vc_column][\/vc_row]<\/p>\n","protected":false},"author":1,"featured_media":0,"parent":0,"menu_order":0,"comment_status":"closed","ping_status":"open","template":"template\/property-listing-fullwidth.php","meta":{"_joinchat":[],"footnotes":""},"class_list":["post-733","page","type-page","status-publish","hentry"],"yoast_head":"<!-- This site is optimized with the Yoast SEO plugin v26.8 - https:\/\/yoast.com\/product\/yoast-seo-wordpress\/ -->\n<title>FirMaPersson | Till salu fastighetsmaklare i torrevieja, spanien<\/title>\n<meta name=\"description\" content=\"Till salu fastighetsmaklare i torrevieja | K\u00f6p eller hyr bostad hos v\u00e5r fastighetsm\u00e4klare i Torrevieja. H\u00e4rligt klimat och perfekta omr\u00e5den att leva i.\" \/>\n<meta name=\"robots\" content=\"index, follow, max-snippet:-1, max-image-preview:large, max-video-preview:-1\" \/>\n<link rel=\"canonical\" href=\"https:\/\/firmapersson.com\/sv\/till-salu-fastighetsmaklare-i-torrevieja-spanien\/\" \/>\n<meta property=\"og:locale\" content=\"sv_SE\" \/>\n<meta property=\"og:type\" content=\"article\" \/>\n<meta property=\"og:title\" content=\"FirMaPersson | Till salu fastighetsmaklare i torrevieja, spanien\" \/>\n<meta property=\"og:description\" content=\"Till salu fastighetsmaklare i torrevieja | K\u00f6p eller hyr bostad hos v\u00e5r fastighetsm\u00e4klare i Torrevieja. H\u00e4rligt klimat och perfekta omr\u00e5den att leva i.\" \/>\n<meta property=\"og:url\" content=\"https:\/\/firmapersson.com\/sv\/till-salu-fastighetsmaklare-i-torrevieja-spanien\/\" \/>\n<meta property=\"og:site_name\" content=\"FirMaPersson | Fastighetsm\u00e4klare i Torrevieja, Inmobiliaria en Torrevieja\" \/>\n<meta property=\"article:publisher\" content=\"https:\/\/www.facebook.com\/firmapersson\/?fref=ts\" \/>\n<meta property=\"article:modified_time\" content=\"2017-05-31T09:18:59+00:00\" \/>\n<meta name=\"twitter:card\" content=\"summary_large_image\" \/>\n<script type=\"application\/ld+json\" class=\"yoast-schema-graph\">{\"@context\":\"https:\/\/schema.org\",\"@graph\":[{\"@type\":\"WebPage\",\"@id\":\"https:\/\/firmapersson.com\/sv\/till-salu-fastighetsmaklare-i-torrevieja-spanien\/\",\"url\":\"https:\/\/firmapersson.com\/sv\/till-salu-fastighetsmaklare-i-torrevieja-spanien\/\",\"name\":\"FirMaPersson | Till salu fastighetsmaklare i torrevieja, spanien\",\"isPartOf\":{\"@id\":\"https:\/\/firmapersson.com\/sv\/#website\"},\"datePublished\":\"2017-05-02T11:23:11+00:00\",\"dateModified\":\"2017-05-31T09:18:59+00:00\",\"description\":\"Till salu fastighetsmaklare i torrevieja | K\u00f6p eller hyr bostad hos v\u00e5r fastighetsm\u00e4klare i Torrevieja. H\u00e4rligt klimat och perfekta omr\u00e5den att leva i.\",\"breadcrumb\":{\"@id\":\"https:\/\/firmapersson.com\/sv\/till-salu-fastighetsmaklare-i-torrevieja-spanien\/#breadcrumb\"},\"inLanguage\":\"sv-SE\",\"potentialAction\":[{\"@type\":\"ReadAction\",\"target\":[\"https:\/\/firmapersson.com\/sv\/till-salu-fastighetsmaklare-i-torrevieja-spanien\/\"]}]},{\"@type\":\"BreadcrumbList\",\"@id\":\"https:\/\/firmapersson.com\/sv\/till-salu-fastighetsmaklare-i-torrevieja-spanien\/#breadcrumb\",\"itemListElement\":[{\"@type\":\"ListItem\",\"position\":1,\"name\":\"Portada\",\"item\":\"https:\/\/firmapersson.com\/sv\/\"},{\"@type\":\"ListItem\",\"position\":2,\"name\":\"Till Salu\"}]},{\"@type\":\"WebSite\",\"@id\":\"https:\/\/firmapersson.com\/sv\/#website\",\"url\":\"https:\/\/firmapersson.com\/sv\/\",\"name\":\"FirMaPersson | Fastighetsm\u00e4klare i Torrevieja, Inmobiliaria en Torrevieja\",\"description\":\"Hus till salu i Spanien\",\"publisher\":{\"@id\":\"https:\/\/firmapersson.com\/sv\/#organization\"},\"potentialAction\":[{\"@type\":\"SearchAction\",\"target\":{\"@type\":\"EntryPoint\",\"urlTemplate\":\"https:\/\/firmapersson.com\/sv\/?s={search_term_string}\"},\"query-input\":{\"@type\":\"PropertyValueSpecification\",\"valueRequired\":true,\"valueName\":\"search_term_string\"}}],\"inLanguage\":\"sv-SE\"},{\"@type\":\"Organization\",\"@id\":\"https:\/\/firmapersson.com\/sv\/#organization\",\"name\":\"FirMaPersson | Inmobiliaria en Torrevieja | Fastighetsm\u00e4klare i Torrevieja\",\"url\":\"https:\/\/firmapersson.com\/sv\/\",\"logo\":{\"@type\":\"ImageObject\",\"inLanguage\":\"sv-SE\",\"@id\":\"https:\/\/firmapersson.com\/sv\/#\/schema\/logo\/image\/\",\"url\":\"https:\/\/firmapersson.com\/wp-content\/uploads\/2017\/04\/inmobiliaria-en-torrevieja-firmapersson-fastigheter-i-torrevieja.png\",\"contentUrl\":\"https:\/\/firmapersson.com\/wp-content\/uploads\/2017\/04\/inmobiliaria-en-torrevieja-firmapersson-fastigheter-i-torrevieja.png\",\"width\":247,\"height\":65,\"caption\":\"FirMaPersson | Inmobiliaria en Torrevieja | Fastighetsm\u00e4klare i Torrevieja\"},\"image\":{\"@id\":\"https:\/\/firmapersson.com\/sv\/#\/schema\/logo\/image\/\"},\"sameAs\":[\"https:\/\/www.facebook.com\/firmapersson\/?fref=ts\"]}]}<\/script>\n<!-- \/ Yoast SEO plugin. -->","yoast_head_json":{"title":"FirMaPersson | Till salu fastighetsmaklare i torrevieja, spanien","description":"Till salu fastighetsmaklare i torrevieja | K\u00f6p eller hyr bostad hos v\u00e5r fastighetsm\u00e4klare i Torrevieja. H\u00e4rligt klimat och perfekta omr\u00e5den att leva i.","robots":{"index":"index","follow":"follow","max-snippet":"max-snippet:-1","max-image-preview":"max-image-preview:large","max-video-preview":"max-video-preview:-1"},"canonical":"https:\/\/firmapersson.com\/sv\/till-salu-fastighetsmaklare-i-torrevieja-spanien\/","og_locale":"sv_SE","og_type":"article","og_title":"FirMaPersson | Till salu fastighetsmaklare i torrevieja, spanien","og_description":"Till salu fastighetsmaklare i torrevieja | K\u00f6p eller hyr bostad hos v\u00e5r fastighetsm\u00e4klare i Torrevieja. H\u00e4rligt klimat och perfekta omr\u00e5den att leva i.","og_url":"https:\/\/firmapersson.com\/sv\/till-salu-fastighetsmaklare-i-torrevieja-spanien\/","og_site_name":"FirMaPersson | Fastighetsm\u00e4klare i Torrevieja, Inmobiliaria en Torrevieja","article_publisher":"https:\/\/www.facebook.com\/firmapersson\/?fref=ts","article_modified_time":"2017-05-31T09:18:59+00:00","twitter_card":"summary_large_image","schema":{"@context":"https:\/\/schema.org","@graph":[{"@type":"WebPage","@id":"https:\/\/firmapersson.com\/sv\/till-salu-fastighetsmaklare-i-torrevieja-spanien\/","url":"https:\/\/firmapersson.com\/sv\/till-salu-fastighetsmaklare-i-torrevieja-spanien\/","name":"FirMaPersson | Till salu fastighetsmaklare i torrevieja, spanien","isPartOf":{"@id":"https:\/\/firmapersson.com\/sv\/#website"},"datePublished":"2017-05-02T11:23:11+00:00","dateModified":"2017-05-31T09:18:59+00:00","description":"Till salu fastighetsmaklare i torrevieja | K\u00f6p eller hyr bostad hos v\u00e5r fastighetsm\u00e4klare i Torrevieja. H\u00e4rligt klimat och perfekta omr\u00e5den att leva i.","breadcrumb":{"@id":"https:\/\/firmapersson.com\/sv\/till-salu-fastighetsmaklare-i-torrevieja-spanien\/#breadcrumb"},"inLanguage":"sv-SE","potentialAction":[{"@type":"ReadAction","target":["https:\/\/firmapersson.com\/sv\/till-salu-fastighetsmaklare-i-torrevieja-spanien\/"]}]},{"@type":"BreadcrumbList","@id":"https:\/\/firmapersson.com\/sv\/till-salu-fastighetsmaklare-i-torrevieja-spanien\/#breadcrumb","itemListElement":[{"@type":"ListItem","position":1,"name":"Portada","item":"https:\/\/firmapersson.com\/sv\/"},{"@type":"ListItem","position":2,"name":"Till Salu"}]},{"@type":"WebSite","@id":"https:\/\/firmapersson.com\/sv\/#website","url":"https:\/\/firmapersson.com\/sv\/","name":"FirMaPersson | Fastighetsm\u00e4klare i Torrevieja, Inmobiliaria en Torrevieja","description":"Hus till salu i Spanien","publisher":{"@id":"https:\/\/firmapersson.com\/sv\/#organization"},"potentialAction":[{"@type":"SearchAction","target":{"@type":"EntryPoint","urlTemplate":"https:\/\/firmapersson.com\/sv\/?s={search_term_string}"},"query-input":{"@type":"PropertyValueSpecification","valueRequired":true,"valueName":"search_term_string"}}],"inLanguage":"sv-SE"},{"@type":"Organization","@id":"https:\/\/firmapersson.com\/sv\/#organization","name":"FirMaPersson | Inmobiliaria en Torrevieja | Fastighetsm\u00e4klare i Torrevieja","url":"https:\/\/firmapersson.com\/sv\/","logo":{"@type":"ImageObject","inLanguage":"sv-SE","@id":"https:\/\/firmapersson.com\/sv\/#\/schema\/logo\/image\/","url":"https:\/\/firmapersson.com\/wp-content\/uploads\/2017\/04\/inmobiliaria-en-torrevieja-firmapersson-fastigheter-i-torrevieja.png","contentUrl":"https:\/\/firmapersson.com\/wp-content\/uploads\/2017\/04\/inmobiliaria-en-torrevieja-firmapersson-fastigheter-i-torrevieja.png","width":247,"height":65,"caption":"FirMaPersson | Inmobiliaria en Torrevieja | Fastighetsm\u00e4klare i Torrevieja"},"image":{"@id":"https:\/\/firmapersson.com\/sv\/#\/schema\/logo\/image\/"},"sameAs":["https:\/\/www.facebook.com\/firmapersson\/?fref=ts"]}]}},"_links":{"self":[{"href":"https:\/\/firmapersson.com\/sv\/wp-json\/wp\/v2\/pages\/733","targetHints":{"allow":["GET"]}}],"collection":[{"href":"https:\/\/firmapersson.com\/sv\/wp-json\/wp\/v2\/pages"}],"about":[{"href":"https:\/\/firmapersson.com\/sv\/wp-json\/wp\/v2\/types\/page"}],"author":[{"embeddable":true,"href":"https:\/\/firmapersson.com\/sv\/wp-json\/wp\/v2\/users\/1"}],"replies":[{"embeddable":true,"href":"https:\/\/firmapersson.com\/sv\/wp-json\/wp\/v2\/comments?post=733"}],"version-history":[{"count":0,"href":"https:\/\/firmapersson.com\/sv\/wp-json\/wp\/v2\/pages\/733\/revisions"}],"wp:attachment":[{"href":"https:\/\/firmapersson.com\/sv\/wp-json\/wp\/v2\/media?parent=733"}],"curies":[{"name":"wp","href":"https:\/\/api.w.org\/{rel}","templated":true}]}}