{"id":555,"date":"2017-01-23T10:56:36","date_gmt":"2017-01-23T10:56:36","guid":{"rendered":"http:\/\/firmapersson.com\/asesoria\/?lang=sv"},"modified":"2017-05-31T09:25:49","modified_gmt":"2017-05-31T09:25:49","slug":"skatterepresentant-och-ombud-i-torrevieja-radgivning-i-torrevieja","status":"publish","type":"page","link":"https:\/\/firmapersson.com\/sv\/skatterepresentant-och-ombud-i-torrevieja-radgivning-i-torrevieja\/","title":{"rendered":"Skatterepresentant och ombud i Torrevieja"},"content":{"rendered":"<div class=\"wpb-content-wrapper\"><p>[vc_row][vc_column][vc_empty_space height=&#8221;80px&#8221;][\/vc_column][\/vc_row][vc_row][vc_column][vc_column_text]<\/p>\n<h2 style=\"text-align: center;\"><span style=\"font-size: 32px; color: #333333;\">Skatterepresentant och ombud i Torrevieja<\/span><\/h2>\n<p style=\"text-align: center;\"><span style=\"font-size: 20px;\">Omfattande, professionell och p\u00e5litlig service<\/span><\/p>\n<p style=\"text-align: center;\"><img decoding=\"async\" class=\"alignnone size-full wp-image-711 lazyload\" data-src=\"http:\/\/firmapersson.com\/wp-content\/uploads\/2017\/05\/logotipo-FirMa-Persson-inmobiliaria-en-torrevieja-asesoria-en-torrevieja-linea4.png\" alt=\"\" width=\"284\" height=\"1\" data-srcset=\"https:\/\/firmapersson.com\/wp-content\/uploads\/2017\/05\/logotipo-FirMa-Persson-inmobiliaria-en-torrevieja-asesoria-en-torrevieja-linea4.png 284w, https:\/\/firmapersson.com\/wp-content\/uploads\/2017\/05\/logotipo-FirMa-Persson-inmobiliaria-en-torrevieja-asesoria-en-torrevieja-linea4-150x1.png 150w\" data-sizes=\"(max-width: 284px) 100vw, 284px\" src=\"data:image\/svg+xml;base64,PHN2ZyB3aWR0aD0iMSIgaGVpZ2h0PSIxIiB4bWxucz0iaHR0cDovL3d3dy53My5vcmcvMjAwMC9zdmciPjwvc3ZnPg==\" style=\"--smush-placeholder-width: 284px; --smush-placeholder-aspect-ratio: 284\/1;\" \/><\/p>\n<p>[\/vc_column_text]<div style=\"clear:both; width:100%; height:20px\"><\/div>[\/vc_column][\/vc_row][vc_row][vc_column width=&#8221;1\/2&#8243;][vc_column_text]<\/p>\n<p><img decoding=\"async\" class=\"alignnone size-full wp-image-697 lazyload\" data-src=\"http:\/\/firmapersson.com\/wp-content\/uploads\/2017\/01\/inmobiliaria-en-torrevieja-Fastigheter-i-Torrevieja-hus-i-alicante-30.jpg\" alt=\"\" width=\"560\" height=\"315\" data-srcset=\"https:\/\/firmapersson.com\/wp-content\/uploads\/2017\/01\/inmobiliaria-en-torrevieja-Fastigheter-i-Torrevieja-hus-i-alicante-30.jpg 560w, https:\/\/firmapersson.com\/wp-content\/uploads\/2017\/01\/inmobiliaria-en-torrevieja-Fastigheter-i-Torrevieja-hus-i-alicante-30-300x169.jpg 300w, https:\/\/firmapersson.com\/wp-content\/uploads\/2017\/01\/inmobiliaria-en-torrevieja-Fastigheter-i-Torrevieja-hus-i-alicante-30-150x84.jpg 150w, https:\/\/firmapersson.com\/wp-content\/uploads\/2017\/01\/inmobiliaria-en-torrevieja-Fastigheter-i-Torrevieja-hus-i-alicante-30-350x197.jpg 350w\" data-sizes=\"(max-width: 560px) 100vw, 560px\" src=\"data:image\/svg+xml;base64,PHN2ZyB3aWR0aD0iMSIgaGVpZ2h0PSIxIiB4bWxucz0iaHR0cDovL3d3dy53My5vcmcvMjAwMC9zdmciPjwvc3ZnPg==\" style=\"--smush-placeholder-width: 560px; --smush-placeholder-aspect-ratio: 560\/315;\" \/><\/p>\n<p>[\/vc_column_text][\/vc_column][vc_column width=&#8221;1\/2&#8243;][vc_column_text]<\/p>\n<p style=\"text-align: justify;\">F\u00f6rutom att <strong>FirMaPersson<\/strong> hj\u00e4lper er att hitta dr\u00f6mhuset, erbjuder vi ocks\u00e5 r\u00e5dgivning och hj\u00e4lp med allt inom fastighetsbranschen, bland annat privata \u00f6verl\u00e5telser, arvskiften, testamenten, deklarationer och skatteombud. Med mycket erfarenhet inom omr\u00e5det hj\u00e4lper vi b\u00e5de privatpersoner och f\u00f6retag.\u00a0Skatterepresentant och ombud i Torrevieja.<\/p>\n<p style=\"text-align: justify;\">Vi anpassar oss efter varje kunds behov.<\/p>\n<p style=\"text-align: justify;\">Beh\u00f6ver ni v\u00e5r hj\u00e4lp? <strong>Kontakta oss.<\/strong><\/p>\n<p>[\/vc_column_text][\/vc_column][\/vc_row][vc_row][vc_column]<div style=\"clear:both; width:100%; height:60px\"><\/div>[\/vc_column][\/vc_row][vc_row][vc_column width=&#8221;1\/3&#8243;][vc_column_text]<\/p>\n<h2 style=\"text-align: center;\"><span style=\"color: #ea2837; font-size: 36px;\"><i class=\"wp-svg-star-3 star-3\"><\/i><\/span><\/h2>\n<h2 style=\"text-align: center;\"><strong><span style=\"font-size: 20px; color: #333333;\">Professionellt<\/span><\/strong><\/h2>\n<p style=\"text-align: justify;\">FirMaPersson har m\u00e5nga \u00e5rs erfarenhet inom branschen och vi erbjuder er p\u00e5litlig och professionell r\u00e5dgivning.\u00a0Skatterepresentant och ombud i Torrevieja<\/p>\n<p>[\/vc_column_text][\/vc_column][vc_column width=&#8221;1\/3&#8243;][vc_column_text]<\/p>\n<h2 style=\"text-align: center;\"><span style=\"font-size: 36px; color: #ea2837;\"><i class=\"wp-svg-user user\"><\/i><\/span><\/h2>\n<h2 style=\"text-align: center;\"><strong><span style=\"font-size: 20px; color: #333333;\">Personligt<\/span><\/strong><\/h2>\n<p style=\"text-align: justify;\">Vi anser att v\u00e5ra kunder \u00e4r v\u00e4rda en personlig service, d\u00e4rf\u00f6r anpassar \u00a0FirMaPersson sina tj\u00e4nster efter varje kunds behov.<\/p>\n<p>[\/vc_column_text][\/vc_column][vc_column width=&#8221;1\/3&#8243;][vc_column_text]<\/p>\n<h2 style=\"text-align: center;\"><span style=\"color: #ea2837; font-size: 36px;\"><i class=\"wp-svg-thumbs-up thumbs-up\"><\/i><\/span><\/h2>\n<h2 style=\"text-align: center;\"><strong><span style=\"font-size: 20px; color: #333333;\">Garanti<\/span><\/strong><\/h2>\n<p style=\"text-align: justify;\">Vi kan garantera alla tj\u00e4nster som FirMaPersson erbjuder, d\u00e5 en n\u00f6jd kund \u00e4r b\u00e4sta garantin till framg\u00e5ng.\u00a0Skatterepresentant och ombud i Torrevieja<\/p>\n<p>[\/vc_column_text][\/vc_column][\/vc_row]<\/p>\n<\/div>","protected":false},"excerpt":{"rendered":"<p>[vc_row][vc_column][vc_empty_space height=&#8221;80px&#8221;][\/vc_column][\/vc_row][vc_row][vc_column][vc_column_text] Skatterepresentant och ombud i Torrevieja Omfattande, professionell och p\u00e5litlig service [\/vc_column_text][\/vc_column][\/vc_row][vc_row][vc_column width=&#8221;1\/2&#8243;][vc_column_text] [\/vc_column_text][\/vc_column][vc_column width=&#8221;1\/2&#8243;][vc_column_text] F\u00f6rutom att FirMaPersson hj\u00e4lper er att hitta dr\u00f6mhuset, erbjuder vi ocks\u00e5 r\u00e5dgivning och hj\u00e4lp med allt inom fastighetsbranschen, bland annat privata \u00f6verl\u00e5telser, arvskiften, testamenten, deklarationer och skatteombud. Med mycket erfarenhet inom omr\u00e5det hj\u00e4lper vi b\u00e5de privatpersoner och f\u00f6retag.\u00a0Skatterepresentant och [&hellip;]<\/p>\n","protected":false},"author":1,"featured_media":0,"parent":0,"menu_order":0,"comment_status":"closed","ping_status":"open","template":"template\/template-homepage.php","meta":{"_joinchat":[],"footnotes":""},"class_list":["post-555","page","type-page","status-publish","hentry"],"yoast_head":"<!-- This site is optimized with the Yoast SEO plugin v26.8 - https:\/\/yoast.com\/product\/yoast-seo-wordpress\/ -->\n<title>Fastighetsm\u00e4klare, Skatterepresentant och Ombud i Torrevieja.<\/title>\n<meta name=\"description\" content=\"Skatterepresentant och Ombud i Torrevieja, professionella och med f\u00f6rtroende. Hos FirMaPersson erbjuder vi er ett dr\u00f6mboende och personlig r\u00e5dgivning.\" \/>\n<meta name=\"robots\" content=\"index, follow, max-snippet:-1, max-image-preview:large, max-video-preview:-1\" \/>\n<link rel=\"canonical\" href=\"https:\/\/firmapersson.com\/sv\/skatterepresentant-och-ombud-i-torrevieja-radgivning-i-torrevieja\/\" \/>\n<meta property=\"og:locale\" content=\"sv_SE\" \/>\n<meta property=\"og:type\" content=\"article\" \/>\n<meta property=\"og:title\" content=\"Fastighetsm\u00e4klare, Skatterepresentant och Ombud i Torrevieja.\" \/>\n<meta property=\"og:description\" content=\"Skatterepresentant och Ombud i Torrevieja, professionella och med f\u00f6rtroende. Hos FirMaPersson erbjuder vi er ett dr\u00f6mboende och personlig r\u00e5dgivning.\" \/>\n<meta property=\"og:url\" content=\"https:\/\/firmapersson.com\/sv\/skatterepresentant-och-ombud-i-torrevieja-radgivning-i-torrevieja\/\" \/>\n<meta property=\"og:site_name\" content=\"FirMaPersson | Fastighetsm\u00e4klare i Torrevieja, Inmobiliaria en Torrevieja\" \/>\n<meta property=\"article:publisher\" content=\"https:\/\/www.facebook.com\/firmapersson\/?fref=ts\" \/>\n<meta property=\"article:modified_time\" content=\"2017-05-31T09:25:49+00:00\" \/>\n<meta property=\"og:image\" content=\"http:\/\/firmapersson.com\/wp-content\/uploads\/2017\/05\/logotipo-FirMa-Persson-inmobiliaria-en-torrevieja-asesoria-en-torrevieja-linea4.png\" \/>\n<meta name=\"twitter:card\" content=\"summary_large_image\" \/>\n<meta name=\"twitter:label1\" content=\"Ber\u00e4knad l\u00e4stid\" \/>\n\t<meta name=\"twitter:data1\" content=\"1 minut\" \/>\n<script type=\"application\/ld+json\" class=\"yoast-schema-graph\">{\"@context\":\"https:\/\/schema.org\",\"@graph\":[{\"@type\":\"WebPage\",\"@id\":\"https:\/\/firmapersson.com\/sv\/skatterepresentant-och-ombud-i-torrevieja-radgivning-i-torrevieja\/\",\"url\":\"https:\/\/firmapersson.com\/sv\/skatterepresentant-och-ombud-i-torrevieja-radgivning-i-torrevieja\/\",\"name\":\"Fastighetsm\u00e4klare, Skatterepresentant och Ombud i Torrevieja.\",\"isPartOf\":{\"@id\":\"https:\/\/firmapersson.com\/sv\/#website\"},\"primaryImageOfPage\":{\"@id\":\"https:\/\/firmapersson.com\/sv\/skatterepresentant-och-ombud-i-torrevieja-radgivning-i-torrevieja\/#primaryimage\"},\"image\":{\"@id\":\"https:\/\/firmapersson.com\/sv\/skatterepresentant-och-ombud-i-torrevieja-radgivning-i-torrevieja\/#primaryimage\"},\"thumbnailUrl\":\"http:\/\/firmapersson.com\/wp-content\/uploads\/2017\/05\/logotipo-FirMa-Persson-inmobiliaria-en-torrevieja-asesoria-en-torrevieja-linea4.png\",\"datePublished\":\"2017-01-23T10:56:36+00:00\",\"dateModified\":\"2017-05-31T09:25:49+00:00\",\"description\":\"Skatterepresentant och Ombud i Torrevieja, professionella och med f\u00f6rtroende. Hos FirMaPersson erbjuder vi er ett dr\u00f6mboende och personlig r\u00e5dgivning.\",\"breadcrumb\":{\"@id\":\"https:\/\/firmapersson.com\/sv\/skatterepresentant-och-ombud-i-torrevieja-radgivning-i-torrevieja\/#breadcrumb\"},\"inLanguage\":\"sv-SE\",\"potentialAction\":[{\"@type\":\"ReadAction\",\"target\":[\"https:\/\/firmapersson.com\/sv\/skatterepresentant-och-ombud-i-torrevieja-radgivning-i-torrevieja\/\"]}]},{\"@type\":\"ImageObject\",\"inLanguage\":\"sv-SE\",\"@id\":\"https:\/\/firmapersson.com\/sv\/skatterepresentant-och-ombud-i-torrevieja-radgivning-i-torrevieja\/#primaryimage\",\"url\":\"http:\/\/firmapersson.com\/wp-content\/uploads\/2017\/05\/logotipo-FirMa-Persson-inmobiliaria-en-torrevieja-asesoria-en-torrevieja-linea4.png\",\"contentUrl\":\"http:\/\/firmapersson.com\/wp-content\/uploads\/2017\/05\/logotipo-FirMa-Persson-inmobiliaria-en-torrevieja-asesoria-en-torrevieja-linea4.png\"},{\"@type\":\"BreadcrumbList\",\"@id\":\"https:\/\/firmapersson.com\/sv\/skatterepresentant-och-ombud-i-torrevieja-radgivning-i-torrevieja\/#breadcrumb\",\"itemListElement\":[{\"@type\":\"ListItem\",\"position\":1,\"name\":\"Portada\",\"item\":\"https:\/\/firmapersson.com\/sv\/\"},{\"@type\":\"ListItem\",\"position\":2,\"name\":\"Skatterepresentant och ombud i Torrevieja\"}]},{\"@type\":\"WebSite\",\"@id\":\"https:\/\/firmapersson.com\/sv\/#website\",\"url\":\"https:\/\/firmapersson.com\/sv\/\",\"name\":\"FirMaPersson | Fastighetsm\u00e4klare i Torrevieja, Inmobiliaria en Torrevieja\",\"description\":\"Hus till salu i Spanien\",\"publisher\":{\"@id\":\"https:\/\/firmapersson.com\/sv\/#organization\"},\"potentialAction\":[{\"@type\":\"SearchAction\",\"target\":{\"@type\":\"EntryPoint\",\"urlTemplate\":\"https:\/\/firmapersson.com\/sv\/?s={search_term_string}\"},\"query-input\":{\"@type\":\"PropertyValueSpecification\",\"valueRequired\":true,\"valueName\":\"search_term_string\"}}],\"inLanguage\":\"sv-SE\"},{\"@type\":\"Organization\",\"@id\":\"https:\/\/firmapersson.com\/sv\/#organization\",\"name\":\"FirMaPersson | Inmobiliaria en Torrevieja | Fastighetsm\u00e4klare i Torrevieja\",\"url\":\"https:\/\/firmapersson.com\/sv\/\",\"logo\":{\"@type\":\"ImageObject\",\"inLanguage\":\"sv-SE\",\"@id\":\"https:\/\/firmapersson.com\/sv\/#\/schema\/logo\/image\/\",\"url\":\"https:\/\/firmapersson.com\/wp-content\/uploads\/2017\/04\/inmobiliaria-en-torrevieja-firmapersson-fastigheter-i-torrevieja.png\",\"contentUrl\":\"https:\/\/firmapersson.com\/wp-content\/uploads\/2017\/04\/inmobiliaria-en-torrevieja-firmapersson-fastigheter-i-torrevieja.png\",\"width\":247,\"height\":65,\"caption\":\"FirMaPersson | Inmobiliaria en Torrevieja | Fastighetsm\u00e4klare i Torrevieja\"},\"image\":{\"@id\":\"https:\/\/firmapersson.com\/sv\/#\/schema\/logo\/image\/\"},\"sameAs\":[\"https:\/\/www.facebook.com\/firmapersson\/?fref=ts\"]}]}<\/script>\n<!-- \/ Yoast SEO plugin. -->","yoast_head_json":{"title":"Fastighetsm\u00e4klare, Skatterepresentant och Ombud i Torrevieja.","description":"Skatterepresentant och Ombud i Torrevieja, professionella och med f\u00f6rtroende. Hos FirMaPersson erbjuder vi er ett dr\u00f6mboende och personlig r\u00e5dgivning.","robots":{"index":"index","follow":"follow","max-snippet":"max-snippet:-1","max-image-preview":"max-image-preview:large","max-video-preview":"max-video-preview:-1"},"canonical":"https:\/\/firmapersson.com\/sv\/skatterepresentant-och-ombud-i-torrevieja-radgivning-i-torrevieja\/","og_locale":"sv_SE","og_type":"article","og_title":"Fastighetsm\u00e4klare, Skatterepresentant och Ombud i Torrevieja.","og_description":"Skatterepresentant och Ombud i Torrevieja, professionella och med f\u00f6rtroende. Hos FirMaPersson erbjuder vi er ett dr\u00f6mboende och personlig r\u00e5dgivning.","og_url":"https:\/\/firmapersson.com\/sv\/skatterepresentant-och-ombud-i-torrevieja-radgivning-i-torrevieja\/","og_site_name":"FirMaPersson | Fastighetsm\u00e4klare i Torrevieja, Inmobiliaria en Torrevieja","article_publisher":"https:\/\/www.facebook.com\/firmapersson\/?fref=ts","article_modified_time":"2017-05-31T09:25:49+00:00","og_image":[{"url":"http:\/\/firmapersson.com\/wp-content\/uploads\/2017\/05\/logotipo-FirMa-Persson-inmobiliaria-en-torrevieja-asesoria-en-torrevieja-linea4.png","type":"","width":"","height":""}],"twitter_card":"summary_large_image","twitter_misc":{"Ber\u00e4knad l\u00e4stid":"1 minut"},"schema":{"@context":"https:\/\/schema.org","@graph":[{"@type":"WebPage","@id":"https:\/\/firmapersson.com\/sv\/skatterepresentant-och-ombud-i-torrevieja-radgivning-i-torrevieja\/","url":"https:\/\/firmapersson.com\/sv\/skatterepresentant-och-ombud-i-torrevieja-radgivning-i-torrevieja\/","name":"Fastighetsm\u00e4klare, Skatterepresentant och Ombud i Torrevieja.","isPartOf":{"@id":"https:\/\/firmapersson.com\/sv\/#website"},"primaryImageOfPage":{"@id":"https:\/\/firmapersson.com\/sv\/skatterepresentant-och-ombud-i-torrevieja-radgivning-i-torrevieja\/#primaryimage"},"image":{"@id":"https:\/\/firmapersson.com\/sv\/skatterepresentant-och-ombud-i-torrevieja-radgivning-i-torrevieja\/#primaryimage"},"thumbnailUrl":"http:\/\/firmapersson.com\/wp-content\/uploads\/2017\/05\/logotipo-FirMa-Persson-inmobiliaria-en-torrevieja-asesoria-en-torrevieja-linea4.png","datePublished":"2017-01-23T10:56:36+00:00","dateModified":"2017-05-31T09:25:49+00:00","description":"Skatterepresentant och Ombud i Torrevieja, professionella och med f\u00f6rtroende. Hos FirMaPersson erbjuder vi er ett dr\u00f6mboende och personlig r\u00e5dgivning.","breadcrumb":{"@id":"https:\/\/firmapersson.com\/sv\/skatterepresentant-och-ombud-i-torrevieja-radgivning-i-torrevieja\/#breadcrumb"},"inLanguage":"sv-SE","potentialAction":[{"@type":"ReadAction","target":["https:\/\/firmapersson.com\/sv\/skatterepresentant-och-ombud-i-torrevieja-radgivning-i-torrevieja\/"]}]},{"@type":"ImageObject","inLanguage":"sv-SE","@id":"https:\/\/firmapersson.com\/sv\/skatterepresentant-och-ombud-i-torrevieja-radgivning-i-torrevieja\/#primaryimage","url":"http:\/\/firmapersson.com\/wp-content\/uploads\/2017\/05\/logotipo-FirMa-Persson-inmobiliaria-en-torrevieja-asesoria-en-torrevieja-linea4.png","contentUrl":"http:\/\/firmapersson.com\/wp-content\/uploads\/2017\/05\/logotipo-FirMa-Persson-inmobiliaria-en-torrevieja-asesoria-en-torrevieja-linea4.png"},{"@type":"BreadcrumbList","@id":"https:\/\/firmapersson.com\/sv\/skatterepresentant-och-ombud-i-torrevieja-radgivning-i-torrevieja\/#breadcrumb","itemListElement":[{"@type":"ListItem","position":1,"name":"Portada","item":"https:\/\/firmapersson.com\/sv\/"},{"@type":"ListItem","position":2,"name":"Skatterepresentant och ombud i Torrevieja"}]},{"@type":"WebSite","@id":"https:\/\/firmapersson.com\/sv\/#website","url":"https:\/\/firmapersson.com\/sv\/","name":"FirMaPersson | Fastighetsm\u00e4klare i Torrevieja, Inmobiliaria en Torrevieja","description":"Hus till salu i Spanien","publisher":{"@id":"https:\/\/firmapersson.com\/sv\/#organization"},"potentialAction":[{"@type":"SearchAction","target":{"@type":"EntryPoint","urlTemplate":"https:\/\/firmapersson.com\/sv\/?s={search_term_string}"},"query-input":{"@type":"PropertyValueSpecification","valueRequired":true,"valueName":"search_term_string"}}],"inLanguage":"sv-SE"},{"@type":"Organization","@id":"https:\/\/firmapersson.com\/sv\/#organization","name":"FirMaPersson | Inmobiliaria en Torrevieja | Fastighetsm\u00e4klare i Torrevieja","url":"https:\/\/firmapersson.com\/sv\/","logo":{"@type":"ImageObject","inLanguage":"sv-SE","@id":"https:\/\/firmapersson.com\/sv\/#\/schema\/logo\/image\/","url":"https:\/\/firmapersson.com\/wp-content\/uploads\/2017\/04\/inmobiliaria-en-torrevieja-firmapersson-fastigheter-i-torrevieja.png","contentUrl":"https:\/\/firmapersson.com\/wp-content\/uploads\/2017\/04\/inmobiliaria-en-torrevieja-firmapersson-fastigheter-i-torrevieja.png","width":247,"height":65,"caption":"FirMaPersson | Inmobiliaria en Torrevieja | Fastighetsm\u00e4klare i Torrevieja"},"image":{"@id":"https:\/\/firmapersson.com\/sv\/#\/schema\/logo\/image\/"},"sameAs":["https:\/\/www.facebook.com\/firmapersson\/?fref=ts"]}]}},"_links":{"self":[{"href":"https:\/\/firmapersson.com\/sv\/wp-json\/wp\/v2\/pages\/555","targetHints":{"allow":["GET"]}}],"collection":[{"href":"https:\/\/firmapersson.com\/sv\/wp-json\/wp\/v2\/pages"}],"about":[{"href":"https:\/\/firmapersson.com\/sv\/wp-json\/wp\/v2\/types\/page"}],"author":[{"embeddable":true,"href":"https:\/\/firmapersson.com\/sv\/wp-json\/wp\/v2\/users\/1"}],"replies":[{"embeddable":true,"href":"https:\/\/firmapersson.com\/sv\/wp-json\/wp\/v2\/comments?post=555"}],"version-history":[{"count":0,"href":"https:\/\/firmapersson.com\/sv\/wp-json\/wp\/v2\/pages\/555\/revisions"}],"wp:attachment":[{"href":"https:\/\/firmapersson.com\/sv\/wp-json\/wp\/v2\/media?parent=555"}],"curies":[{"name":"wp","href":"https:\/\/api.w.org\/{rel}","templated":true}]}}